{"id":1067,"date":"2015-02-16T10:08:43","date_gmt":"2015-02-16T09:08:43","guid":{"rendered":"http:\/\/www.ghisla-art.ch\/?page_id=1067"},"modified":"2026-04-15T14:57:53","modified_gmt":"2026-04-15T12:57:53","slug":"info","status":"publish","type":"page","link":"https:\/\/www.ghisla-art.ch\/de\/info\/","title":{"rendered":"Eintrittspreise, \u00d6ffnungszeiten und Kontakt"},"content":{"rendered":"<div class=\"section-orari\"><strong>\u00d6ffnungszeiten<\/strong><br \/>\n21. M\u00e4rz 2026 &#8211; 6. Januar 2027<\/div>\n<div>Von Mittwoch bis Sonntag \/ von 13.30 bis 18.00 Uhr<br \/>\n<img decoding=\"async\" style=\"padding-top: 20px; float: right;\" src=\"https:\/\/www.ghisla-art.ch\/wp\/wp-content\/uploads\/disabili.png\" alt=\"handicap\" width=\"150\" \/><br \/>\n<strong>Eintrittspreise mit Audioguide<\/strong><br \/>\nErwachsene <strong>18.\u2013 Fr<\/strong><br \/>\nRentner <strong>15.\u2013 Fr<\/strong><br \/>\nStudenten von 12 bis 25 Jahren <strong>11.\u2013 Fr<\/strong><br \/>\nF\u00fcr Kinder bis 12 Jahre von Eltern begleitet\u00a0ist der Eintritt frei. F\u00fcr Gruppen k\u00f6nnen unter unserer Kontaktadresse F\u00fchrungen gebucht werden.<\/div>\n<p><a class=\"button\" style=\"margin-top: 15px;\" href=\"https:\/\/shop.ascona-locarno.com\/de\/products\/ghisla-art-collection\" target=\"_blank\" rel=\"noopener\"> Kaufen Sie das Ticket online<\/a><\/p>\n<div class=\"div-avviso\" style=\"display: none;\">\n<h4>CULTURAL PASS LOCARNO<\/h4>\n<p>Mit dem Cultural Pass Ascona-Locarno profitieren allen Kunstliebhabern, die eins der verb\u00fcndeten Museen besichtigen, <strong>von einer Erm\u00e4ssigung von 20% auf den Eintritt in den anderen Museen<\/strong>. Die kombinierte Eintrittskarte kann innerhalb der G\u00fcltigkeitsfrist bequem an verschiedenen Tagen benutzt werden.<br \/>\n<img loading=\"lazy\" decoding=\"async\" width=\"1213\" height=\"484\" class=\"alignnone size-full wp-image-3006\" src=\"https:\/\/www.ghisla-art.ch\/wp\/wp-content\/uploads\/cultural-pass-19bis-2.jpg\" alt=\"Cultural Pass\" srcset=\"https:\/\/www.ghisla-art.ch\/wp\/wp-content\/uploads\/cultural-pass-19bis-2.jpg 1213w, https:\/\/www.ghisla-art.ch\/wp\/wp-content\/uploads\/cultural-pass-19bis-2-300x120.jpg 300w, https:\/\/www.ghisla-art.ch\/wp\/wp-content\/uploads\/cultural-pass-19bis-2-768x306.jpg 768w, https:\/\/www.ghisla-art.ch\/wp\/wp-content\/uploads\/cultural-pass-19bis-2-1024x409.jpg 1024w\" sizes=\"(max-width: 1213px) 100vw, 1213px\" \/><\/p>\n<\/div>\n<div class=\"section-contatti\">\n<p><iframe loading=\"lazy\" style=\"border: 0px currentColor;\" src=\"https:\/\/www.google.com\/maps\/embed?pb=!1m14!1m8!1m3!1d2763.07511196995!2d8.799994700000001!3d46.1691605!3m2!1i1024!2i768!4f13.1!3m3!1m2!1s0x4785c9d2f47a5a33%3A0x909e93d728eb9734!2sVia+Antonio+Ciseri+3!5e0!3m2!1sit!2sit!4v1400747922689\" width=\"100%\" height=\"400\" frameborder=\"0\"><\/iframe><\/p>\n<div style=\"text-align: right; text-transform: uppercase; line-height: 1.8em; letter-spacing: 0.2em;\"><img decoding=\"async\" style=\"padding-top: 10px; float: left;\" src=\"https:\/\/www.ghisla-art.ch\/wp\/wp-content\/uploads\/disabili.png\" alt=\"handicap\" width=\"150\" \/><strong>Ghisla Art Collection Foundation<\/strong><br \/>\nVia Ciseri 3<br \/>\nCH-6600 Locarno<br \/>\nTel\/Fax (+41) 91 751 01 52<br \/>\n<a href=\"mailto:info@ghisla-art.ch\">info@ghisla-art.ch<\/a><\/div>\n<\/div>\n","protected":false},"excerpt":{"rendered":"<p>\u00d6ffnungszeiten 21. M\u00e4rz 2026 &#8211; 6. Januar 2027 Von Mittwoch bis Sonntag \/ von 13.30 bis 18.00 Uhr Eintrittspreise mit Audioguide Erwachsene 18.\u2013 Fr Rentner 15.\u2013 Fr Studenten von 12 &hellip;<a class=\"morelink\" href=\"https:\/\/www.ghisla-art.ch\/de\/info\/\">continue reading<span> Eintrittspreise, \u00d6ffnungszeiten und Kontakt<\/span><\/a><\/p>\n","protected":false},"author":1,"featured_media":0,"parent":0,"menu_order":0,"comment_status":"closed","ping_status":"closed","template":"","meta":{"footnotes":""},"_links":{"self":[{"href":"https:\/\/www.ghisla-art.ch\/de\/wp-json\/wp\/v2\/pages\/1067"}],"collection":[{"href":"https:\/\/www.ghisla-art.ch\/de\/wp-json\/wp\/v2\/pages"}],"about":[{"href":"https:\/\/www.ghisla-art.ch\/de\/wp-json\/wp\/v2\/types\/page"}],"author":[{"embeddable":true,"href":"https:\/\/www.ghisla-art.ch\/de\/wp-json\/wp\/v2\/users\/1"}],"replies":[{"embeddable":true,"href":"https:\/\/www.ghisla-art.ch\/de\/wp-json\/wp\/v2\/comments?post=1067"}],"version-history":[{"count":45,"href":"https:\/\/www.ghisla-art.ch\/de\/wp-json\/wp\/v2\/pages\/1067\/revisions"}],"predecessor-version":[{"id":4825,"href":"https:\/\/www.ghisla-art.ch\/de\/wp-json\/wp\/v2\/pages\/1067\/revisions\/4825"}],"wp:attachment":[{"href":"https:\/\/www.ghisla-art.ch\/de\/wp-json\/wp\/v2\/media?parent=1067"}],"curies":[{"name":"wp","href":"https:\/\/api.w.org\/{rel}","templated":true}]}}