{"id":1482,"date":"2016-03-04T17:36:44","date_gmt":"2016-03-04T16:36:44","guid":{"rendered":"http:\/\/www.ghisla-art.ch\/?page_id=1482"},"modified":"2026-03-11T11:54:18","modified_gmt":"2026-03-11T10:54:18","slug":"dauerausstellung","status":"publish","type":"page","link":"https:\/\/www.ghisla-art.ch\/de\/dauerausstellung\/","title":{"rendered":"Dauerausstellung"},"content":{"rendered":"<div class=\"artists\">\n<p><strong>Auswahl 2026 \u2013 Sammlung Ghisla<\/strong><\/p>\n<p>Ein Ausstellungsparcours, der auf den historischen Kern der permanenten Sammlung zur\u00fcckgreift. Eine wahre Reise durch die gro\u00dfen Meister der zeitgen\u00f6ssischen Kunst, die einige der bedeutendsten Bewegungen der letzten Jahrzehnte umfasst \u2013 von der Pop Art \u00fcber das Informel, vom Spatialismus bis zum Surrealismus, von der Graffiti Art bis zu den wichtigsten experimentellen Positionen der zweiten H\u00e4lfte des 20. Jahrhunderts.<\/p>\n<p>Gezeigt werden 34 Werke von K\u00fcnstlerinnen und K\u00fcnstlern, die die letzten 80 Jahre der Kunstgeschichte entscheidend gepr\u00e4gt haben, und die dem Publikum einen breiten und \u00fcbergreifenden \u00dcberblick \u00fcber die wichtigsten internationalen Kunststr\u00f6mungen bieten. Zu den prominentesten Namen der Ausstellung z\u00e4hlen Jean-Michel Basquiat, Andy Warhol, Cy Twombly, Roy Lichtenstein, Christo und Jeanne-Claude, Ren\u00e9 Magritte, Joan Mir\u00f3, Fernando Botero, Pablo Picasso, Piero Manzoni, Lucio Fontana, Enrico Castellani, Alighiero Boetti sowie viele weitere Protagonisten der internationalen Kunstszene.<\/p>\n<\/div>\n","protected":false},"excerpt":{"rendered":"<p>Auswahl 2026 \u2013 Sammlung Ghisla Ein Ausstellungsparcours, der auf den historischen Kern der permanenten Sammlung zur\u00fcckgreift. Eine wahre Reise durch die gro\u00dfen Meister der zeitgen\u00f6ssischen Kunst, die einige der bedeutendsten &hellip;<a class=\"morelink\" href=\"https:\/\/www.ghisla-art.ch\/de\/dauerausstellung\/\">continue reading<span> Dauerausstellung<\/span><\/a><\/p>\n","protected":false},"author":1,"featured_media":0,"parent":0,"menu_order":0,"comment_status":"closed","ping_status":"closed","template":"","meta":{"footnotes":""},"_links":{"self":[{"href":"https:\/\/www.ghisla-art.ch\/de\/wp-json\/wp\/v2\/pages\/1482"}],"collection":[{"href":"https:\/\/www.ghisla-art.ch\/de\/wp-json\/wp\/v2\/pages"}],"about":[{"href":"https:\/\/www.ghisla-art.ch\/de\/wp-json\/wp\/v2\/types\/page"}],"author":[{"embeddable":true,"href":"https:\/\/www.ghisla-art.ch\/de\/wp-json\/wp\/v2\/users\/1"}],"replies":[{"embeddable":true,"href":"https:\/\/www.ghisla-art.ch\/de\/wp-json\/wp\/v2\/comments?post=1482"}],"version-history":[{"count":16,"href":"https:\/\/www.ghisla-art.ch\/de\/wp-json\/wp\/v2\/pages\/1482\/revisions"}],"predecessor-version":[{"id":4772,"href":"https:\/\/www.ghisla-art.ch\/de\/wp-json\/wp\/v2\/pages\/1482\/revisions\/4772"}],"wp:attachment":[{"href":"https:\/\/www.ghisla-art.ch\/de\/wp-json\/wp\/v2\/media?parent=1482"}],"curies":[{"name":"wp","href":"https:\/\/api.w.org\/{rel}","templated":true}]}}