{"id":3105,"date":"2021-03-03T17:31:59","date_gmt":"2021-03-03T16:31:59","guid":{"rendered":"http:\/\/www.ghisla-art.ch\/?page_id=3105"},"modified":"2021-03-03T17:31:59","modified_gmt":"2021-03-03T16:31:59","slug":"remembering-christo-jeanne-claude","status":"publish","type":"page","link":"https:\/\/www.ghisla-art.ch\/de\/remembering-christo-jeanne-claude\/","title":{"rendered":"Remembering Christo &#038; Jeanne-Claude"},"content":{"rendered":"<div class=\"artists\">\n<p><strong>Remembering Christo &#038; Jeanne-Claude<\/strong><\/p>\n<p><strong>13. M\u00e4rz 2021 &#8211; 9 Januar 2022<\/strong><br \/>\nn den ersten drei R\u00e4umen des Erdgeschosses wird eine Ausstellung den zwei unbestrittenen Meister der Land Art gewidmet, Christo und Jeanne-Claude. Bis zum 9. Januar 2022 bietet die Ausstellung mit dem Titel \u00abRemembering Christo &#038; Jeanne-Claude\u00bb, die in Zusammenarbeit mit der Galleria Tega aus Mailand organisiert wurde, etwa 20 Werke an, die durch ihre k\u00fcnstlerische Laufbahn f\u00fchren. Christo, der im Juni letzten Jahres verstorben ist, und Jeanne-Claude (im Jahr 2009 verstorben) finanzierten ihre Werke, die oft von grossen Ausmassen gepr\u00e4gt waren, selbst. Sie wurden nicht mit Beitr\u00e4gen oder Sponsorengeldern unterst\u00fctzt, sondern f\u00f6rderten den Verkauf von Arbeitsskizzen, Assemblagen, Entw\u00fcrfen und Collagen. Die Ausstellung bei der Fondazione Ghisla wird genau aus diesen Werken zusammengestellt sein.<\/p>\n<p>Nach seiner Ausbildung an der Kunstakademie Sofia, in Bulgarien, zog es Christo im Jahr 1958 nach Paris, wo er Jeanne-Claude kennen lernte. Die beiden begannen eine k\u00fcnstlerische und pers\u00f6nliche Beziehung und bildeten somit eine Partnerschaft, die das ganze Leben hielt.<\/p>\n<p>Heute sind Christo und Jeanne-Claude weltweit f\u00fcr ihre \u201cempaquetages\u201d bekannt. Zu Beginn handelte es sich um einzelne, kleine bis mittelgrosse Gegenst\u00e4nde, die zur Ausstellung in Museen oder Galerien gedacht waren. Bald entschieden sie sich aber die Innenr\u00e4ume zu verlassen und in der Stadt- und Naturlandschaft zu arbeiten. Somit gaben sie ihren Werken gigantische Dimensionen und haben so eine Transition von den verh\u00fcllten Gegenst\u00e4nden zu monumentalen Projekten an der freien Luft vollzogen. Von den verh\u00fcllten Gegenst\u00e4nden zu monumentalen Projekten an der freien Luft. Ihre Werke gingen \u00fcber die Grenzen der traditionellen Malerei, Bildhauerei und Architektur hinaus. Diese drei Disziplinen wissen es ihre Umgebung zu gestalten, w\u00e4hrenddessen machten Christo und Jeanne-Claude ihre Umgebung zum Kunstwerk. Um ihre Kreationen zu verwirklichen, machten sie von den Materialien Gebrauch, die bereits zuvor in der Realit\u00e4t gebraucht wurden. Dazu geh\u00f6rten auch banale Materialien, wie Industrieabf\u00e4lle. Mit diesen unterstrichen sie die Aufdringlichkeit des Objekts innerhalb der Konsumgesellschaft. <\/p>\n<\/div>\n","protected":false},"excerpt":{"rendered":"<p>Remembering Christo &#038; Jeanne-Claude 13. M\u00e4rz 2021 &#8211; 9 Januar 2022 n den ersten drei R\u00e4umen des Erdgeschosses wird eine Ausstellung den zwei unbestrittenen Meister der Land Art gewidmet, Christo &hellip;<a class=\"morelink\" href=\"https:\/\/www.ghisla-art.ch\/de\/remembering-christo-jeanne-claude\/\">continue reading<span> Remembering Christo &#038; Jeanne-Claude<\/span><\/a><\/p>\n","protected":false},"author":1,"featured_media":3611,"parent":0,"menu_order":0,"comment_status":"closed","ping_status":"closed","template":"","meta":{"footnotes":""},"_links":{"self":[{"href":"https:\/\/www.ghisla-art.ch\/de\/wp-json\/wp\/v2\/pages\/3105"}],"collection":[{"href":"https:\/\/www.ghisla-art.ch\/de\/wp-json\/wp\/v2\/pages"}],"about":[{"href":"https:\/\/www.ghisla-art.ch\/de\/wp-json\/wp\/v2\/types\/page"}],"author":[{"embeddable":true,"href":"https:\/\/www.ghisla-art.ch\/de\/wp-json\/wp\/v2\/users\/1"}],"replies":[{"embeddable":true,"href":"https:\/\/www.ghisla-art.ch\/de\/wp-json\/wp\/v2\/comments?post=3105"}],"version-history":[{"count":1,"href":"https:\/\/www.ghisla-art.ch\/de\/wp-json\/wp\/v2\/pages\/3105\/revisions"}],"predecessor-version":[{"id":3613,"href":"https:\/\/www.ghisla-art.ch\/de\/wp-json\/wp\/v2\/pages\/3105\/revisions\/3613"}],"wp:featuredmedia":[{"embeddable":true,"href":"https:\/\/www.ghisla-art.ch\/de\/wp-json\/wp\/v2\/media\/3611"}],"wp:attachment":[{"href":"https:\/\/www.ghisla-art.ch\/de\/wp-json\/wp\/v2\/media?parent=3105"}],"curies":[{"name":"wp","href":"https:\/\/api.w.org\/{rel}","templated":true}]}}