{"id":342,"date":"2014-06-06T15:04:36","date_gmt":"2014-06-06T13:04:36","guid":{"rendered":"http:\/\/www.ghisla-art.ch\/wp\/?page_id=342"},"modified":"2014-06-23T10:16:07","modified_gmt":"2014-06-23T08:16:07","slug":"newsletter","status":"publish","type":"page","link":"https:\/\/www.ghisla-art.ch\/de\/newsletter\/","title":{"rendered":"Newsletter"},"content":{"rendered":"<p>Melde Dich an, um immer \u00fcber alle Neuigkeiten von <strong>Ghisla Art Collection<\/strong> informiert zu werden. <\/p>\n<p>F\u00fcge hier unten deine E-Mailadresse ein und du erh\u00e4ltst den periodischen Newsletter. Darin findest du schon im Voraus Informationen \u00fcber die von uns organisierten Events und Vieles mehr!<\/p>\n","protected":false},"excerpt":{"rendered":"<p>Melde Dich an, um immer \u00fcber alle Neuigkeiten von Ghisla Art Collection informiert zu werden. F\u00fcge hier unten deine E-Mailadresse ein und du erh\u00e4ltst den periodischen Newsletter. Darin findest du &hellip;<a class=\"morelink\" href=\"https:\/\/www.ghisla-art.ch\/de\/newsletter\/\">continue reading<span> Newsletter<\/span><\/a><\/p>\n","protected":false},"author":1,"featured_media":0,"parent":0,"menu_order":0,"comment_status":"closed","ping_status":"closed","template":"page-subscribe.php","meta":{"footnotes":""},"_links":{"self":[{"href":"https:\/\/www.ghisla-art.ch\/de\/wp-json\/wp\/v2\/pages\/342"}],"collection":[{"href":"https:\/\/www.ghisla-art.ch\/de\/wp-json\/wp\/v2\/pages"}],"about":[{"href":"https:\/\/www.ghisla-art.ch\/de\/wp-json\/wp\/v2\/types\/page"}],"author":[{"embeddable":true,"href":"https:\/\/www.ghisla-art.ch\/de\/wp-json\/wp\/v2\/users\/1"}],"replies":[{"embeddable":true,"href":"https:\/\/www.ghisla-art.ch\/de\/wp-json\/wp\/v2\/comments?post=342"}],"version-history":[{"count":3,"href":"https:\/\/www.ghisla-art.ch\/de\/wp-json\/wp\/v2\/pages\/342\/revisions"}],"predecessor-version":[{"id":476,"href":"https:\/\/www.ghisla-art.ch\/de\/wp-json\/wp\/v2\/pages\/342\/revisions\/476"}],"wp:attachment":[{"href":"https:\/\/www.ghisla-art.ch\/de\/wp-json\/wp\/v2\/media?parent=342"}],"curies":[{"name":"wp","href":"https:\/\/api.w.org\/{rel}","templated":true}]}}