{"id":353,"date":"2014-06-06T15:18:36","date_gmt":"2014-06-06T13:18:36","guid":{"rendered":"http:\/\/www.ghisla-art.ch\/wp\/?page_id=353"},"modified":"2023-03-15T15:34:14","modified_gmt":"2023-03-15T14:34:14","slug":"about","status":"publish","type":"page","link":"https:\/\/www.ghisla-art.ch\/de\/about\/","title":{"rendered":"Wer wir sind"},"content":{"rendered":"<p>Die <strong>Fondazione Ghisla Art Collection<\/strong> ist eine gemeinn\u00fctzige Stiftung, die im April 2014 gegr\u00fcndet wurde. Sie will Kunstgegenst\u00e4nde von internationalem Rang der Allgemeinheit zur Verf\u00fcgung stellen \u2013 f\u00fcr alle, die davon \u00fcberzeugt sind, dass Kunst ein unverg\u00e4nglicher Schatz ist.<\/p>\n<p>Die Sammlung wurde vom Ehepaar Ghisla zusammengestellt. Ihr Antrieb ist die st\u00e4ndig wachsende und vielseitige Leidenschaft aller Formen k\u00fcnstlerischen Ausdrucks. Sitz der Stiftung ist ein futuristisches Geb\u00e4ude, das soeben nach den <a href=\"https:\/\/www.ghisla-art.ch\/wp\/wp-content\/uploads\/Testo-Arch.-Moro.pdf\">Pl\u00e4nen des Architekturb\u00fcros Moro &amp; Moro <\/a>in Locarno verwirklicht wurde. Es steht mitten in der Stadt, nur ein paar Meter vom Yachthafen entfernt.<\/p>\n<p>Die Werke der Fondazione Ghisla werden in acht R\u00e4umen ausgestellt, die sich \u00fcber drei Stockwerke aufteilen. Die Anordnung folgt keiner strengen Chronologie und keiner Einteilung nach den k\u00fcnstlerischen Bewegungen oder Str\u00f6mungen, welche die Kunstgeschichte seit der zweiten H\u00e4lfte des 20. Jahrhunderts gepr\u00e4gt haben. Wer diese R\u00e4ume betritt, sollte den Geschmack von Pierino und Martine Ghisla auf sich wirken lassen, die in den letzten 40 Jahren Meisterwerke der Pop Art, der Informellen und Konzeptkunst, der Abstrakten Kunst und des New Dada gesammelt haben. Dazu kommen Kostproben von aufstrebenden und dem gro\u00dfen Publikum wahrscheinlich weniger bekannten K\u00fcnstlern. Pierino und Martine Ghisla haben die R\u00e4ume so eingerichtet, als w\u00fcrden sie dort gleich G\u00e4ste empfangen.<\/p>\n","protected":false},"excerpt":{"rendered":"<p>Die Fondazione Ghisla Art Collection ist eine gemeinn\u00fctzige Stiftung, die im April 2014 gegr\u00fcndet wurde. Sie will Kunstgegenst\u00e4nde von internationalem Rang der Allgemeinheit zur Verf\u00fcgung stellen \u2013 f\u00fcr alle, die &hellip;<a class=\"morelink\" href=\"https:\/\/www.ghisla-art.ch\/de\/about\/\">continue reading<span> Wer wir sind<\/span><\/a><\/p>\n","protected":false},"author":1,"featured_media":224,"parent":0,"menu_order":0,"comment_status":"closed","ping_status":"closed","template":"","meta":{"footnotes":""},"_links":{"self":[{"href":"https:\/\/www.ghisla-art.ch\/de\/wp-json\/wp\/v2\/pages\/353"}],"collection":[{"href":"https:\/\/www.ghisla-art.ch\/de\/wp-json\/wp\/v2\/pages"}],"about":[{"href":"https:\/\/www.ghisla-art.ch\/de\/wp-json\/wp\/v2\/types\/page"}],"author":[{"embeddable":true,"href":"https:\/\/www.ghisla-art.ch\/de\/wp-json\/wp\/v2\/users\/1"}],"replies":[{"embeddable":true,"href":"https:\/\/www.ghisla-art.ch\/de\/wp-json\/wp\/v2\/comments?post=353"}],"version-history":[{"count":14,"href":"https:\/\/www.ghisla-art.ch\/de\/wp-json\/wp\/v2\/pages\/353\/revisions"}],"predecessor-version":[{"id":4215,"href":"https:\/\/www.ghisla-art.ch\/de\/wp-json\/wp\/v2\/pages\/353\/revisions\/4215"}],"wp:featuredmedia":[{"embeddable":true,"href":"https:\/\/www.ghisla-art.ch\/de\/wp-json\/wp\/v2\/media\/224"}],"wp:attachment":[{"href":"https:\/\/www.ghisla-art.ch\/de\/wp-json\/wp\/v2\/media?parent=353"}],"curies":[{"name":"wp","href":"https:\/\/api.w.org\/{rel}","templated":true}]}}