{"id":3606,"date":"2021-03-03T17:36:55","date_gmt":"2021-03-03T16:36:55","guid":{"rendered":"http:\/\/www.ghisla-art.ch\/?page_id=3606"},"modified":"2021-03-03T17:37:42","modified_gmt":"2021-03-03T16:37:42","slug":"carole-solvay","status":"publish","type":"page","link":"https:\/\/www.ghisla-art.ch\/de\/carole-solvay\/","title":{"rendered":"Carole Solvay"},"content":{"rendered":"<div class=\"artists\">\n<p><strong>Carole Solvay<\/strong><\/p>\n<p><strong>Zeitgenossiche Austellung \/\/ 13. M\u00e4rz 2021 \u2013 22 August 2021<\/strong><br \/>\nDas letzte Stockwerk ist bis zum 22. August 2021 in festen H\u00e4nden der Sonderausstellung von Carole Solvay. Die K\u00fcnstlerin, die von Natur aus eine kontemplative Einzelg\u00e4ngerin ist, ist Autodidaktin. Der Anfang ihrer Karriere bestand \u00fcberwiegend aus den traditionellen Techniken der Weberei. Bald bevorzugte Carole Solvay die Kreation von kleinen St\u00fccken mit Schussf\u00e4den, anstatt den grossen Projekten, die sie Einschr\u00e4nkungen des Webstuhls aussetzten. Dank der Integration von Dr\u00e4hte und Metallnetze gelang es der K\u00fcnstlerin dreidimensionale Objekte zu erschaffen. <\/p>\n<p>Sp\u00e4ter begann sie Materialien einzusetzen, die sie w\u00e4hrend ihren \u00fcblichen Spazierg\u00e4ngen in der Natur fand: Knochen kleiner Nagetieren, Haare, Fischgr\u00e4te, Federn. Damit begann sie mit der Herstellung von kleinen Dingen, die sie liebevoll \u00abGrigris\u00bb nennt. Es sind ihre Schutzschilde und G\u00fcrtel. Die Federn werden mehr und mehr ein Bestandteil ihrer intimen k\u00fcnstlerischen Forschung und mit ihnen entwickelt sie eine Reihe von originellen Techniken: schneiden, trimmen, lochen und die Fragmente wieder zusammensetzen, um somit Objekte und Figuren zu erfinden, die Erinnerungen hervorrufen. Diese verbindet sie dann mit Fasern, F\u00e4den und kleinen St\u00fccken aus Plastikfolie. Alles was in ihren Kreationen ber\u00fchrt, bedeckt, streichelt, sticht, schwebt oder in einem Lichtstrahl verschwindet, bringt die Erinnerung einer internen Melodie hervor, welche sie im Verlauf ihrer Kindheit in der Natur geh\u00f6rt hat. Ihre Werke offenbaren die Emotionen ihrer Jugend, welche aus der Vergessenheit erhoben wurden.\n<\/p><\/div>\n","protected":false},"excerpt":{"rendered":"<p>Carole Solvay Zeitgenossiche Austellung \/\/ 13. M\u00e4rz 2021 \u2013 22 August 2021 Das letzte Stockwerk ist bis zum 22. August 2021 in festen H\u00e4nden der Sonderausstellung von Carole Solvay. Die &hellip;<a class=\"morelink\" href=\"https:\/\/www.ghisla-art.ch\/de\/carole-solvay\/\">continue reading<span> Carole Solvay<\/span><\/a><\/p>\n","protected":false},"author":1,"featured_media":0,"parent":0,"menu_order":0,"comment_status":"closed","ping_status":"closed","template":"","meta":{"footnotes":""},"_links":{"self":[{"href":"https:\/\/www.ghisla-art.ch\/de\/wp-json\/wp\/v2\/pages\/3606"}],"collection":[{"href":"https:\/\/www.ghisla-art.ch\/de\/wp-json\/wp\/v2\/pages"}],"about":[{"href":"https:\/\/www.ghisla-art.ch\/de\/wp-json\/wp\/v2\/types\/page"}],"author":[{"embeddable":true,"href":"https:\/\/www.ghisla-art.ch\/de\/wp-json\/wp\/v2\/users\/1"}],"replies":[{"embeddable":true,"href":"https:\/\/www.ghisla-art.ch\/de\/wp-json\/wp\/v2\/comments?post=3606"}],"version-history":[{"count":2,"href":"https:\/\/www.ghisla-art.ch\/de\/wp-json\/wp\/v2\/pages\/3606\/revisions"}],"predecessor-version":[{"id":3620,"href":"https:\/\/www.ghisla-art.ch\/de\/wp-json\/wp\/v2\/pages\/3606\/revisions\/3620"}],"wp:attachment":[{"href":"https:\/\/www.ghisla-art.ch\/de\/wp-json\/wp\/v2\/media?parent=3606"}],"curies":[{"name":"wp","href":"https:\/\/api.w.org\/{rel}","templated":true}]}}