{"id":364,"date":"2014-06-06T15:25:17","date_gmt":"2014-06-06T13:25:17","guid":{"rendered":"http:\/\/www.ghisla-art.ch\/wp\/?page_id=364"},"modified":"2026-03-11T12:02:31","modified_gmt":"2026-03-11T11:02:31","slug":"unterstutzung","status":"publish","type":"page","link":"https:\/\/www.ghisla-art.ch\/de\/unterstutzung\/","title":{"rendered":"Unterst\u00fctzung"},"content":{"rendered":"<p>Die Fondazione <strong>Ghisla Art Collection<\/strong> ist eine gemeinn\u00fctzige Stiftung, die keine gewerblichen Zwecke verfolgt. Die ausgestellten Kunstwerke stammen ausnahmslos aus einer privaten Sammlung.<\/p>\n<p>Unterst\u00fctzer schlie\u00dfen sich dem Zweck der Stiftung an: Und zwar dem breiten Publikum die M\u00f6glichkeit zu bieten, sich den kreativen Ideen der K\u00fcnstler \u00fcber deren Werke anzun\u00e4hern.<br \/>\nUnterst\u00fctzer teilen die Freiheit und die Begeisterung, die unser k\u00fcnstlerisches Projekt pr\u00e4gen.<br \/>\nSie ermutigen uns und geben uns die M\u00f6glichkeit, noch ehrgeizigere Ziele zu erreichen und noch k\u00fchnere Ideen zu verwirklichen.<\/p>\n<p>Unterst\u00fctzer helfen uns bei unserer Arbeit \u2013 denn unser Projekt verlangt Visionen und Innovation.<\/p>\n<p>ALLE SPENDEN SIND STEUERLICH ABSETZBAR<\/p>\n<table id=\"tab-sostenere\" border=\"0\" width=\"100%\" cellspacing=\"0\" cellpadding=\"0\">\n<tbody>\n<tr>\n<td width=\"33%\"><a href=\"https:\/\/www.ubs.com\" target=\"_blank\" rel=\"noopener\"><img loading=\"lazy\" decoding=\"async\" src=\"https:\/\/www.ghisla-art.ch\/wp\/wp-content\/uploads\/sponsor-ubs.jpg\" alt=\"UBS\" width=\"1320\" height=\"740\" class=\"alignnone size-full wp-image-4584\" srcset=\"https:\/\/www.ghisla-art.ch\/wp\/wp-content\/uploads\/sponsor-ubs.jpg 1320w, https:\/\/www.ghisla-art.ch\/wp\/wp-content\/uploads\/sponsor-ubs-300x168.jpg 300w, https:\/\/www.ghisla-art.ch\/wp\/wp-content\/uploads\/sponsor-ubs-1024x574.jpg 1024w, https:\/\/www.ghisla-art.ch\/wp\/wp-content\/uploads\/sponsor-ubs-768x431.jpg 768w\" sizes=\"(max-width: 1320px) 100vw, 1320px\" \/><\/a><\/td>\n<td width=\"33%\"><img loading=\"lazy\" decoding=\"async\" src=\"https:\/\/www.ghisla-art.ch\/wp\/wp-content\/uploads\/sponsor-mazzoleni.jpg\" alt=\"Immobiliare Mazzoleni\" width=\"1320\" height=\"740\" class=\"alignnone size-full wp-image-4593\" srcset=\"https:\/\/www.ghisla-art.ch\/wp\/wp-content\/uploads\/sponsor-mazzoleni.jpg 1320w, https:\/\/www.ghisla-art.ch\/wp\/wp-content\/uploads\/sponsor-mazzoleni-300x168.jpg 300w, https:\/\/www.ghisla-art.ch\/wp\/wp-content\/uploads\/sponsor-mazzoleni-1024x574.jpg 1024w, https:\/\/www.ghisla-art.ch\/wp\/wp-content\/uploads\/sponsor-mazzoleni-768x431.jpg 768w\" sizes=\"(max-width: 1320px) 100vw, 1320px\" \/><\/td>\n<td width=\"33%\"><img loading=\"lazy\" decoding=\"async\" src=\"https:\/\/www.ghisla-art.ch\/wp\/wp-content\/uploads\/sponsor-belotti.jpg\" alt=\"Belotti\" width=\"1320\" height=\"740\" class=\"alignnone size-full wp-image-4632\" srcset=\"https:\/\/www.ghisla-art.ch\/wp\/wp-content\/uploads\/sponsor-belotti.jpg 1320w, https:\/\/www.ghisla-art.ch\/wp\/wp-content\/uploads\/sponsor-belotti-300x168.jpg 300w, https:\/\/www.ghisla-art.ch\/wp\/wp-content\/uploads\/sponsor-belotti-1024x574.jpg 1024w, https:\/\/www.ghisla-art.ch\/wp\/wp-content\/uploads\/sponsor-belotti-768x431.jpg 768w\" sizes=\"(max-width: 1320px) 100vw, 1320px\" \/><\/td>\n<\/tr>\n<tr>\n<td><img loading=\"lazy\" decoding=\"async\" src=\"https:\/\/www.ghisla-art.ch\/wp\/wp-content\/uploads\/sponsor-anastasi.jpg\" alt=\"Anastasi &amp; Partner\" width=\"1320\" height=\"740\" class=\"alignnone size-full wp-image-4626\" srcset=\"https:\/\/www.ghisla-art.ch\/wp\/wp-content\/uploads\/sponsor-anastasi.jpg 1320w, https:\/\/www.ghisla-art.ch\/wp\/wp-content\/uploads\/sponsor-anastasi-300x168.jpg 300w, https:\/\/www.ghisla-art.ch\/wp\/wp-content\/uploads\/sponsor-anastasi-1024x574.jpg 1024w, https:\/\/www.ghisla-art.ch\/wp\/wp-content\/uploads\/sponsor-anastasi-768x431.jpg 768w\" sizes=\"(max-width: 1320px) 100vw, 1320px\" \/><\/td>\n<td><img loading=\"lazy\" decoding=\"async\" src=\"https:\/\/www.ghisla-art.ch\/wp\/wp-content\/uploads\/sponsor-porsche.jpg\" alt=\"Porsche\" width=\"1320\" height=\"740\" class=\"alignnone size-full wp-image-4623\" \/><\/td>\n<td><img loading=\"lazy\" decoding=\"async\" src=\"https:\/\/www.ghisla-art.ch\/wp\/wp-content\/uploads\/sponsor-crossinvest.jpg\" alt=\"Crossinvest\" width=\"1320\" height=\"740\" class=\"alignnone size-full wp-image-4629\" srcset=\"https:\/\/www.ghisla-art.ch\/wp\/wp-content\/uploads\/sponsor-crossinvest.jpg 1320w, https:\/\/www.ghisla-art.ch\/wp\/wp-content\/uploads\/sponsor-crossinvest-300x168.jpg 300w, https:\/\/www.ghisla-art.ch\/wp\/wp-content\/uploads\/sponsor-crossinvest-1024x574.jpg 1024w, https:\/\/www.ghisla-art.ch\/wp\/wp-content\/uploads\/sponsor-crossinvest-768x431.jpg 768w\" sizes=\"(max-width: 1320px) 100vw, 1320px\" \/><\/td>\n<\/tr>\n<tr>\n<td><img loading=\"lazy\" decoding=\"async\" src=\"https:\/\/www.ghisla-art.ch\/wp\/wp-content\/uploads\/sponsor-besfid.jpg\" alt=\"Besfid\" width=\"1320\" height=\"740\" class=\"alignnone size-full wp-image-4620\" srcset=\"https:\/\/www.ghisla-art.ch\/wp\/wp-content\/uploads\/sponsor-besfid.jpg 1320w, https:\/\/www.ghisla-art.ch\/wp\/wp-content\/uploads\/sponsor-besfid-300x168.jpg 300w, https:\/\/www.ghisla-art.ch\/wp\/wp-content\/uploads\/sponsor-besfid-1024x574.jpg 1024w, https:\/\/www.ghisla-art.ch\/wp\/wp-content\/uploads\/sponsor-besfid-768x431.jpg 768w\" sizes=\"(max-width: 1320px) 100vw, 1320px\" \/><\/td>\n<td><img loading=\"lazy\" decoding=\"async\" src=\"https:\/\/www.ghisla-art.ch\/wp\/wp-content\/uploads\/sponsor-gtl.jpg\" alt=\"GTL\" width=\"1320\" height=\"740\" class=\"alignnone size-full wp-image-4608\" srcset=\"https:\/\/www.ghisla-art.ch\/wp\/wp-content\/uploads\/sponsor-gtl.jpg 1320w, https:\/\/www.ghisla-art.ch\/wp\/wp-content\/uploads\/sponsor-gtl-300x168.jpg 300w, https:\/\/www.ghisla-art.ch\/wp\/wp-content\/uploads\/sponsor-gtl-1024x574.jpg 1024w, https:\/\/www.ghisla-art.ch\/wp\/wp-content\/uploads\/sponsor-gtl-768x431.jpg 768w\" sizes=\"(max-width: 1320px) 100vw, 1320px\" \/><\/td>\n<td><img loading=\"lazy\" decoding=\"async\" src=\"https:\/\/www.ghisla-art.ch\/wp\/wp-content\/uploads\/sponsor-helvetia.jpg\" alt=\"Helvetia\" width=\"1320\" height=\"740\" class=\"alignnone size-full wp-image-4605\" srcset=\"https:\/\/www.ghisla-art.ch\/wp\/wp-content\/uploads\/sponsor-helvetia.jpg 1320w, https:\/\/www.ghisla-art.ch\/wp\/wp-content\/uploads\/sponsor-helvetia-300x168.jpg 300w, https:\/\/www.ghisla-art.ch\/wp\/wp-content\/uploads\/sponsor-helvetia-1024x574.jpg 1024w, https:\/\/www.ghisla-art.ch\/wp\/wp-content\/uploads\/sponsor-helvetia-768x431.jpg 768w\" sizes=\"(max-width: 1320px) 100vw, 1320px\" \/><\/td>\n<\/tr>\n<tr>\n<td><img loading=\"lazy\" decoding=\"async\" src=\"https:\/\/www.ghisla-art.ch\/wp\/wp-content\/uploads\/sponsor-mondini.jpg\" alt=\"Mondini sa\" width=\"1320\" height=\"740\" class=\"alignnone size-full wp-image-4587\" srcset=\"https:\/\/www.ghisla-art.ch\/wp\/wp-content\/uploads\/sponsor-mondini.jpg 1320w, https:\/\/www.ghisla-art.ch\/wp\/wp-content\/uploads\/sponsor-mondini-300x168.jpg 300w, https:\/\/www.ghisla-art.ch\/wp\/wp-content\/uploads\/sponsor-mondini-1024x574.jpg 1024w, https:\/\/www.ghisla-art.ch\/wp\/wp-content\/uploads\/sponsor-mondini-768x431.jpg 768w\" sizes=\"(max-width: 1320px) 100vw, 1320px\" \/><\/td>\n<td><img loading=\"lazy\" decoding=\"async\" src=\"https:\/\/www.ghisla-art.ch\/wp\/wp-content\/uploads\/sponsor-tognettiauto.jpg\" alt=\"Tognetti Auto\" width=\"1320\" height=\"740\" class=\"alignnone size-full wp-image-4581\" srcset=\"https:\/\/www.ghisla-art.ch\/wp\/wp-content\/uploads\/sponsor-tognettiauto.jpg 1320w, https:\/\/www.ghisla-art.ch\/wp\/wp-content\/uploads\/sponsor-tognettiauto-300x168.jpg 300w, https:\/\/www.ghisla-art.ch\/wp\/wp-content\/uploads\/sponsor-tognettiauto-1024x574.jpg 1024w, https:\/\/www.ghisla-art.ch\/wp\/wp-content\/uploads\/sponsor-tognettiauto-768x431.jpg 768w\" sizes=\"(max-width: 1320px) 100vw, 1320px\" \/><\/td>\n<td><img loading=\"lazy\" decoding=\"async\" src=\"https:\/\/www.ghisla-art.ch\/wp\/wp-content\/uploads\/sponsor-deco.jpg\" alt=\"Delco\" width=\"1320\" height=\"740\" class=\"alignnone size-full wp-image-4617\" srcset=\"https:\/\/www.ghisla-art.ch\/wp\/wp-content\/uploads\/sponsor-deco.jpg 1320w, https:\/\/www.ghisla-art.ch\/wp\/wp-content\/uploads\/sponsor-deco-300x168.jpg 300w, https:\/\/www.ghisla-art.ch\/wp\/wp-content\/uploads\/sponsor-deco-1024x574.jpg 1024w, https:\/\/www.ghisla-art.ch\/wp\/wp-content\/uploads\/sponsor-deco-768x431.jpg 768w\" sizes=\"(max-width: 1320px) 100vw, 1320px\" \/><\/td>\n<\/tr>\n<tr>\n<td><img loading=\"lazy\" decoding=\"async\" src=\"https:\/\/www.ghisla-art.ch\/wp\/wp-content\/uploads\/sponsor-paolucci.jpg\" alt=\"Paolucci SA\" width=\"1320\" height=\"740\" class=\"alignnone size-full wp-image-4596\" srcset=\"https:\/\/www.ghisla-art.ch\/wp\/wp-content\/uploads\/sponsor-paolucci.jpg 1320w, https:\/\/www.ghisla-art.ch\/wp\/wp-content\/uploads\/sponsor-paolucci-300x168.jpg 300w, https:\/\/www.ghisla-art.ch\/wp\/wp-content\/uploads\/sponsor-paolucci-1024x574.jpg 1024w, https:\/\/www.ghisla-art.ch\/wp\/wp-content\/uploads\/sponsor-paolucci-768x431.jpg 768w\" sizes=\"(max-width: 1320px) 100vw, 1320px\" \/><\/td>\n<td><img loading=\"lazy\" decoding=\"async\" src=\"https:\/\/www.ghisla-art.ch\/wp\/wp-content\/uploads\/sponsor-mek.jpg\" alt=\"MEK\" width=\"1320\" height=\"740\" class=\"alignnone size-full wp-image-4599\" \/><\/td>\n<td><img loading=\"lazy\" decoding=\"async\" src=\"https:\/\/www.ghisla-art.ch\/wp\/wp-content\/uploads\/sponsor-giugni.jpg\" alt=\"Giugni metalcostruzioni\" width=\"1320\" height=\"740\" class=\"alignnone size-full wp-image-4614\" srcset=\"https:\/\/www.ghisla-art.ch\/wp\/wp-content\/uploads\/sponsor-giugni.jpg 1320w, https:\/\/www.ghisla-art.ch\/wp\/wp-content\/uploads\/sponsor-giugni-300x168.jpg 300w, https:\/\/www.ghisla-art.ch\/wp\/wp-content\/uploads\/sponsor-giugni-1024x574.jpg 1024w, https:\/\/www.ghisla-art.ch\/wp\/wp-content\/uploads\/sponsor-giugni-768x431.jpg 768w\" sizes=\"(max-width: 1320px) 100vw, 1320px\" \/><\/td>\n<\/tr>\n<tr>\n<td><img loading=\"lazy\" decoding=\"async\" src=\"https:\/\/www.ghisla-art.ch\/wp\/wp-content\/uploads\/sponsor-swissloss.jpg\" alt=\"Swisslos\" width=\"1320\" height=\"740\" class=\"alignnone size-full wp-image-4590\" srcset=\"https:\/\/www.ghisla-art.ch\/wp\/wp-content\/uploads\/sponsor-swissloss.jpg 1320w, https:\/\/www.ghisla-art.ch\/wp\/wp-content\/uploads\/sponsor-swissloss-300x168.jpg 300w, https:\/\/www.ghisla-art.ch\/wp\/wp-content\/uploads\/sponsor-swissloss-1024x574.jpg 1024w, https:\/\/www.ghisla-art.ch\/wp\/wp-content\/uploads\/sponsor-swissloss-768x431.jpg 768w\" sizes=\"(max-width: 1320px) 100vw, 1320px\" \/><\/td>\n<td><img loading=\"lazy\" decoding=\"async\" src=\"https:\/\/www.ghisla-art.ch\/wp\/wp-content\/uploads\/sponsor-fondazioneculturalcarno.jpg\" alt=\"Fondazione cultura nel locarnese\" width=\"1320\" height=\"740\" class=\"alignnone size-full wp-image-4611\" srcset=\"https:\/\/www.ghisla-art.ch\/wp\/wp-content\/uploads\/sponsor-fondazioneculturalcarno.jpg 1320w, https:\/\/www.ghisla-art.ch\/wp\/wp-content\/uploads\/sponsor-fondazioneculturalcarno-300x168.jpg 300w, https:\/\/www.ghisla-art.ch\/wp\/wp-content\/uploads\/sponsor-fondazioneculturalcarno-1024x574.jpg 1024w, https:\/\/www.ghisla-art.ch\/wp\/wp-content\/uploads\/sponsor-fondazioneculturalcarno-768x431.jpg 768w\" sizes=\"(max-width: 1320px) 100vw, 1320px\" \/><\/td>\n<td><img loading=\"lazy\" decoding=\"async\" src=\"https:\/\/www.ghisla-art.ch\/wp\/wp-content\/uploads\/sponsor-laube.jpg\" alt=\"Laube\" width=\"1320\" height=\"740\" class=\"alignnone size-full wp-image-4602\" srcset=\"https:\/\/www.ghisla-art.ch\/wp\/wp-content\/uploads\/sponsor-laube.jpg 1320w, https:\/\/www.ghisla-art.ch\/wp\/wp-content\/uploads\/sponsor-laube-300x168.jpg 300w, https:\/\/www.ghisla-art.ch\/wp\/wp-content\/uploads\/sponsor-laube-1024x574.jpg 1024w, https:\/\/www.ghisla-art.ch\/wp\/wp-content\/uploads\/sponsor-laube-768x431.jpg 768w\" sizes=\"(max-width: 1320px) 100vw, 1320px\" \/><\/td>\n<\/tr>\n<\/tbody>\n<\/table>\n<p><strong>Konto-Nr.<\/strong> 246-109314.01Z<br \/>\n<strong>IBAN<\/strong> CH 94 0024 6246 1093 1401 Z<br \/>\n<strong>BIC<\/strong> UBSWCHZH80A<\/p>\n<p><strong>F\u00fcr weitere Informationen stehen wir Ihnen gerne zur Verf\u00fcgung.<\/strong><\/p>\n<p><strong>PARTNER<\/strong><br \/>\n<img decoding=\"async\" style=\"margin: 6px 0px;\" src=\"https:\/\/www.ghisla-art.ch\/wp\/wp-content\/uploads\/golf-losone.jpg\" alt=\"Golf Club Losone\" width=\"390\" \/><\/p>\n<p><strong>MEDIA PARTNER<\/strong><br \/>\n<img decoding=\"async\" style=\"margin: 6px 0px;\" src=\"https:\/\/www.ghisla-art.ch\/wp\/wp-content\/uploads\/logo-regione-ticinoarte.png\" alt=\"La Regione - Ticino\" width=\"390\" \/><\/p>\n<p><strong>UNTERST\u00dcTZUNG KULTURVERMITTLUNG KINDER\/SCHULEN<\/strong><br \/>\n<img decoding=\"async\" style=\"margin: 4px 0px;\" src=\"https:\/\/www.ghisla-art.ch\/wp\/wp-content\/uploads\/sostenitori-1.jpg\" alt=\"Unterst\u00fctzer nicht ausstellungsverbundener aktivit\u00e4ten\" width=\"600\" \/><\/p>\n<p><!--<strong>UNTERST\u00dcTZER VERMITTLUNGSAKTIVIT\u00c4TEN<\/strong>\n<img decoding=\"async\" src=\"https:\/\/www.ghisla-art.ch\/wp\/wp-content\/uploads\/swissloss.jpg\" alt=\"Repubblica e Cantone Ticino DECS Swissloss\" width=\"390\" style=\"margin: 6px 0px;\"--><\/p>\n","protected":false},"excerpt":{"rendered":"<p>Die Fondazione Ghisla Art Collection ist eine gemeinn\u00fctzige Stiftung, die keine gewerblichen Zwecke verfolgt. Die ausgestellten Kunstwerke stammen ausnahmslos aus einer privaten Sammlung. Unterst\u00fctzer schlie\u00dfen sich dem Zweck der Stiftung &hellip;<a class=\"morelink\" href=\"https:\/\/www.ghisla-art.ch\/de\/unterstutzung\/\">continue reading<span> Unterst\u00fctzung<\/span><\/a><\/p>\n","protected":false},"author":1,"featured_media":0,"parent":0,"menu_order":0,"comment_status":"closed","ping_status":"open","template":"","meta":{"footnotes":""},"_links":{"self":[{"href":"https:\/\/www.ghisla-art.ch\/de\/wp-json\/wp\/v2\/pages\/364"}],"collection":[{"href":"https:\/\/www.ghisla-art.ch\/de\/wp-json\/wp\/v2\/pages"}],"about":[{"href":"https:\/\/www.ghisla-art.ch\/de\/wp-json\/wp\/v2\/types\/page"}],"author":[{"embeddable":true,"href":"https:\/\/www.ghisla-art.ch\/de\/wp-json\/wp\/v2\/users\/1"}],"replies":[{"embeddable":true,"href":"https:\/\/www.ghisla-art.ch\/de\/wp-json\/wp\/v2\/comments?post=364"}],"version-history":[{"count":28,"href":"https:\/\/www.ghisla-art.ch\/de\/wp-json\/wp\/v2\/pages\/364\/revisions"}],"predecessor-version":[{"id":4781,"href":"https:\/\/www.ghisla-art.ch\/de\/wp-json\/wp\/v2\/pages\/364\/revisions\/4781"}],"wp:attachment":[{"href":"https:\/\/www.ghisla-art.ch\/de\/wp-json\/wp\/v2\/media?parent=364"}],"curies":[{"name":"wp","href":"https:\/\/api.w.org\/{rel}","templated":true}]}}