{"id":3778,"date":"2021-08-24T11:11:28","date_gmt":"2021-08-24T09:11:28","guid":{"rendered":"http:\/\/www.ghisla-art.ch\/?page_id=3778"},"modified":"2021-08-24T11:47:52","modified_gmt":"2021-08-24T09:47:52","slug":"pierre-case-ex-voto","status":"publish","type":"page","link":"https:\/\/www.ghisla-art.ch\/de\/pierre-case-ex-voto\/","title":{"rendered":"Pierre Cas\u00e8"},"content":{"rendered":"<div class=\"artists\">\n<p><strong>\u201cEX VOTO\u201d<\/strong><\/p>\n<p><strong>4. September 2021 &#8211; 9. Januar 2022<\/strong><br \/>\nDie Stiftung Ghisla Art Collection in Locarno beendet in 2021 ihr Programm an Sonderausstellungen mit einer Einzelausstellung von Pierre Cas\u00e8. Der aus dem Maggiatal stammende K\u00fcnstler ist einer der bedeutendsten Schweizer Gegenwartsk\u00fcnstler der letzten 40 Jahre. Er hat sich sehr f\u00fcr die Kunstvermittlung und -verbreitung engagiert und war daf\u00fcr von 1989 bis 2000 sowohl im Kanton als auch auf nationaler Ebene t\u00e4tig. Zahlreich sind seine Engagements: So war er von 1987 bis 1993 nationaler Pr\u00e4sident der SPSAS (Gesellschaft Schweizerischer Maler, Bildhauer und Architekten) und von 1989 bis 2000 k\u00fcnstlerischer Leiter der Casa Rusca Art Gallery in Locarno. Seit 2001 widmet er sich ganz der k\u00fcnstlerischen Produktion.<\/p>\n<p>Die vom K\u00fcnstler selbst kuratierte Ausstellung mit dem Titel &#8222;EX VOTO&#8220; umfasst mehr als 400 Werke und bezieht sich auf die Produktion der vergangenen Jahre. Die Ausstellung entwickelt ihre Handlungen, wie auch bereits in der Vergangenheit, aus einer Serialit\u00e4t heraus, die die Werke von Pierre Cas\u00e8 h\u00e4ufig auszeichnet und auf einer tiefgreifenden thematischen Studie basiert.<\/p>\n<p>Es ist eine Ausstellungsroute bestehend aus 14 Serien mit je 30 Werken, die in einem engen Dialog zueinander stehen und in denen der K\u00fcnstler mit seiner typischen materiellen Ausdruckskraft von einem in unserem Land bis in die j\u00fcngste Vergangenheit tief verwurzelten Brauch erz\u00e4hlt. Die EX VOTOs sind Bildwerke, die von dem ausgepr\u00e4gten k\u00fcnstlerischen Ausdruck des Volkes zeugen, das den G\u00f6ttern daf\u00fcr dankt, wenn es einer Gefahr entronnen ist oder eine Schwierigkeit \u00fcberwunden hat. Von Cas\u00e8 geschickt mit agnostischem Blick aufgegriffen werden sie in einen Vektor verwandelt, der in der Lage ist, die Erinnerung an Gegenst\u00e4nde und T\u00e4tigkeiten unserer Vorfahren weiterzugeben. Objekte, die in direktem Zusammenhang mit der materiellen Kultur stehen, werden zu einer Geschichte, die interessante Korrespondenzen zwischen Vergangenheit und Gegenwart herstellt und dem Besucher zahlreiche Denkanst\u00f6\u00dfe gibt.<br \/>\nEisen, Feuer, Teer, Mineralfarben und Metalldraht sind die Elemente, die der K\u00fcnstler mit den thematischen Objekten jeder Serie vermischt. Eine Kombination, die von dem Territorium erz\u00e4hlt, das Cas\u00e8 liebt, dem Maggiatal, dessen Berge, Steine und Fl\u00fcsse schon immer den Stil und die Sprache dieses eklektischen lokalen K\u00fcnstlers gepr\u00e4gt haben.<\/p>\n<p>Eine Ausstellung, die in einer kraftvollen k\u00fcnstlerischen Geste besteht, welche neue Zusammenh\u00e4nge und Dialoge schafft. In ihr wird der Widerstand gegen das Ausl\u00f6schen der Erinnerung durch den Lauf der Zeit zu einem Zeichen der zivilen Ethik, das in einem Gef\u00fchl tiefer Verantwortung gegen\u00fcber der Nachwelt wurzelt. Die harmonische Stimme der dargestellten Aktivit\u00e4ten schafft neue Korrespondenzen und vermittelt das Gef\u00fchl, vor etwas weltlich Heiligem zu stehen. In einer Epoche, in der die symbolische Dimension immer mehr durch sterile Funktionalit\u00e4t ersetzt wird, sind die Werke von Cas\u00e8 eine Aufforderung, Frieden mit der Seele zu schlie\u00dfen und jene fundamentale Ruhe wiederzuerlangen, die es erlaubt, die Welt losgel\u00f6st von jeglicher Funktion zu betrachten.\n<\/p><\/div>\n","protected":false},"excerpt":{"rendered":"<p>\u201cEX VOTO\u201d 4. September 2021 &#8211; 9. Januar 2022 Die Stiftung Ghisla Art Collection in Locarno beendet in 2021 ihr Programm an Sonderausstellungen mit einer Einzelausstellung von Pierre Cas\u00e8. Der &hellip;<a class=\"morelink\" href=\"https:\/\/www.ghisla-art.ch\/de\/pierre-case-ex-voto\/\">continue reading<span> Pierre Cas\u00e8<\/span><\/a><\/p>\n","protected":false},"author":1,"featured_media":0,"parent":0,"menu_order":0,"comment_status":"closed","ping_status":"closed","template":"","meta":{"footnotes":""},"_links":{"self":[{"href":"https:\/\/www.ghisla-art.ch\/de\/wp-json\/wp\/v2\/pages\/3778"}],"collection":[{"href":"https:\/\/www.ghisla-art.ch\/de\/wp-json\/wp\/v2\/pages"}],"about":[{"href":"https:\/\/www.ghisla-art.ch\/de\/wp-json\/wp\/v2\/types\/page"}],"author":[{"embeddable":true,"href":"https:\/\/www.ghisla-art.ch\/de\/wp-json\/wp\/v2\/users\/1"}],"replies":[{"embeddable":true,"href":"https:\/\/www.ghisla-art.ch\/de\/wp-json\/wp\/v2\/comments?post=3778"}],"version-history":[{"count":1,"href":"https:\/\/www.ghisla-art.ch\/de\/wp-json\/wp\/v2\/pages\/3778\/revisions"}],"predecessor-version":[{"id":3779,"href":"https:\/\/www.ghisla-art.ch\/de\/wp-json\/wp\/v2\/pages\/3778\/revisions\/3779"}],"wp:attachment":[{"href":"https:\/\/www.ghisla-art.ch\/de\/wp-json\/wp\/v2\/media?parent=3778"}],"curies":[{"name":"wp","href":"https:\/\/api.w.org\/{rel}","templated":true}]}}