{"id":4191,"date":"2023-03-07T17:12:24","date_gmt":"2023-03-07T16:12:24","guid":{"rendered":"https:\/\/www.ghisla-art.ch\/?page_id=4191"},"modified":"2023-08-18T09:58:06","modified_gmt":"2023-08-18T07:58:06","slug":"alessandro-twombly","status":"publish","type":"page","link":"https:\/\/www.ghisla-art.ch\/de\/alessandro-twombly\/","title":{"rendered":"Alessandro Twombly"},"content":{"rendered":"<div class=\"artists\">\n<p><strong>Roots of Being<\/strong><\/p>\n<p><strong>18. M\u00e4rz &#8211; 19. August 2023<\/strong><br \/>\nIm zweiten Stock befindet sich eine tempor\u00e4re Ausstellung, die den Werken von Alessandro Twombly gewidmet ist. Seine Kunst fasziniert und fesselt, sie bet\u00f6rt, \u00fcberrascht und ist h\u00e4ufig schwer fassbar: Es ist schwierig, wenn nicht gar unm\u00f6glich, sie in eine einzige Definition zu pressen, in eine Schachtel zu stecken, die alle ihre Themen und Formen enth\u00e4lt: denn diese Kunst ist ihrer Natur nach nicht einheitlich, sondern vielf\u00e4ltig. Alessandro Twombly ist Maler und Bildhauer zugleich, er arbeitet im schnellen und fl\u00fcssigen Rhythmus der \u00d6l- oder Acrylmalerei, um dann ins langsamere, festere und kompaktere Tempo der Bildhauerei zu fallen. Die Bandbreite seiner Produktion umfasst indifferent Figuration und Abstraktion, mit deutlichen Bez\u00fcgen zur informellen Sprache, ohne sich jemals vollst\u00e4ndig einer dieser Kategorien zuordnen zu lassen. Der K\u00fcnstler malt Blumen und weite Himmel, dennoch keine Stillleben oder Landschaften; er geht  entschieden \u00fcber den Kanon der naturalistischen Darstellung hinaus; er setzt Titel wie ,tempo\u02bd, was auf italienisch sowohl Wetter als auch Zeit bedeutet, hier jedoch nicht den Sommer- oder Wintertag meint; er pr\u00e4sentiert Bilder von gelben Schwertlilien, die kurz davor sind, f\u00fcr immer zu verblassen mit einem Titel, der sich an den Betrachter wendet und besagt: \u201eIt&#8217;s the moment\/Dies ist der Moment\u201c; auf einem anderen Bild \u2013 das in regelm\u00e4\u00dfigen Abst\u00e4nden gro\u00dfformatig ist \u2013 scheint man einen Blick auf ein seltsames tanzendes Monster zu erhaschen, das sich als Silhouette gegen den Himmel abhebt, w\u00e4hrend die zweideutigen, unheimlichen Worte der Bildunterschrift im Kopf nachhallen: \u201eOne day the message was sent\/Eines Tages wurde die Botschaft versandt\u201c. Kurzum, man bleibt wie in einem Schwebezustand zwischen Faszination und Beunruhigung, unsicher, ob man sich vor einer Welt blumiger Sch\u00f6nheit und pr\u00e4chtiger Farben befindet oder vor etwas Unbestimmtem, das geschehen wird und einen herausfordern k\u00f6nnte.<\/p>\n<p>Twomblys Kunst ist fr\u00f6hlich und vital, sie strotzt vor Energie und Farbe und gleichzeitig l\u00e4sst sie sich nicht einem einheitlichen visuellen und mentalen Territorium zuordnen, da sie von Natur aus ,polymorph\u02bd ist \u2013 um noch einmal einen seiner Titel zu zitieren \u2013 und das nicht nur in dem Sinne, dass sie kontinuierlich von der Malerei zur Skulptur und umgekehrt \u00fcbergeht, sondern auch von einem malerischen Werk zum n\u00e4chsten, welches unmittelbar an das erste Werk anschlie\u00dft oder es begleitet: als g\u00e4be es einen ununterbrochenen Dialog, der sich durch die Werke und Disziplinen zieht.<\/p>\n<p>Anl\u00e4sslich der Ausstellung erscheint ein Band mit Reproduktionen der ausgestellten Werke, einem Essay in italienischer Sprache von Claudio Guarda und einem Text in englischer Sprache von Richard Milazzo.\n<\/p><\/div>\n","protected":false},"excerpt":{"rendered":"<p>Roots of Being 18. M\u00e4rz &#8211; 19. August 2023 Im zweiten Stock befindet sich eine tempor\u00e4re Ausstellung, die den Werken von Alessandro Twombly gewidmet ist. Seine Kunst fasziniert und fesselt, &hellip;<a class=\"morelink\" href=\"https:\/\/www.ghisla-art.ch\/de\/alessandro-twombly\/\">continue reading<span> Alessandro Twombly<\/span><\/a><\/p>\n","protected":false},"author":1,"featured_media":0,"parent":0,"menu_order":0,"comment_status":"closed","ping_status":"closed","template":"","meta":{"footnotes":""},"_links":{"self":[{"href":"https:\/\/www.ghisla-art.ch\/de\/wp-json\/wp\/v2\/pages\/4191"}],"collection":[{"href":"https:\/\/www.ghisla-art.ch\/de\/wp-json\/wp\/v2\/pages"}],"about":[{"href":"https:\/\/www.ghisla-art.ch\/de\/wp-json\/wp\/v2\/types\/page"}],"author":[{"embeddable":true,"href":"https:\/\/www.ghisla-art.ch\/de\/wp-json\/wp\/v2\/users\/1"}],"replies":[{"embeddable":true,"href":"https:\/\/www.ghisla-art.ch\/de\/wp-json\/wp\/v2\/comments?post=4191"}],"version-history":[{"count":3,"href":"https:\/\/www.ghisla-art.ch\/de\/wp-json\/wp\/v2\/pages\/4191\/revisions"}],"predecessor-version":[{"id":4264,"href":"https:\/\/www.ghisla-art.ch\/de\/wp-json\/wp\/v2\/pages\/4191\/revisions\/4264"}],"wp:attachment":[{"href":"https:\/\/www.ghisla-art.ch\/de\/wp-json\/wp\/v2\/media?parent=4191"}],"curies":[{"name":"wp","href":"https:\/\/api.w.org\/{rel}","templated":true}]}}