{"id":4392,"date":"2024-03-06T12:31:33","date_gmt":"2024-03-06T11:31:33","guid":{"rendered":"https:\/\/www.ghisla-art.ch\/?page_id=4392"},"modified":"2024-03-06T12:31:33","modified_gmt":"2024-03-06T11:31:33","slug":"renato-tagli","status":"publish","type":"page","link":"https:\/\/www.ghisla-art.ch\/de\/renato-tagli\/","title":{"rendered":"Renato Tagli"},"content":{"rendered":"<div class=\"artists\">\n<p><strong>Natura\/Colore\/Forma<\/strong><\/p>\n<p><strong>16. M\u00e4rz 2024 &#8211; 5. Januar 2025<\/strong><br \/>\nIm Erdgeschoss und im letzten Stock empf\u00e4ngt die Stiftung Ghisla anl\u00e4sslich ihres zehnj\u00e4hrigen Bestehens ihre G\u00e4ste mit einem Farbenrausch. Es handelt sich um die Werke des K\u00fcnstlers Renato Tagli, der 1956 in Locarno geboren wurde und seit vierzig Jahren in Cevio lebt.<\/p>\n<p>Nach seinem Studium am CSIA in Lugano und einigen Auslandserfahrungen gr\u00fcndete der gelernte Grafiker im Jahr 1983 mit seiner Lebenspartnerin das Grafikb\u00fcro Sabina Oberholzer und Renato Tagli in Cevio. In diesem Tal verband sich seine Liebe zur Kunst mit einem tiefen Interesse an der Natur, was ihn dazu veranlasste im Geiste der &#8222;Land Art&#8220; und der Umweltkunst G\u00e4rten, W\u00e4lder und Ufer in Kunstinstallationen und Pflanzenskulpturen zu verwandeln.<\/p>\n<p>F\u00fcr Renato Tagli sind die spielerische Komponente, die Freiheit des Erfindens und die Spontaneit\u00e4t der Geste unverzichtbare Elemente seines Schaffens, was seine Vielfalt an Sch\u00f6pfungen erkl\u00e4rt, die auch in der Ausstellung zu finden sind: von der handwerklichen Arbeit, die typisch f\u00fcr die angewandten K\u00fcnste ist, bis zur Intervention in der Umwelt, von der Malerei mit minimalistischem Anspruch bis hin zur programmierten Kunst. Vielfalt und Geschicklichkeit der Werke schlie\u00dfen jedoch nicht den konzeptionellen Beitrag aus, der hinter seinem Schaffen steht, insbesondere wenn er auf die Landschaft einwirkt und ihr Aussehen durch Eingriffe mit impliziter symbolischer und \u00f6kologischer Bedeutung ver\u00e4ndert, dabei stets im Einklang mit der Natur bleibend.<\/p>\n<p>Im Laufe der Jahre hatte Renato Tagli immer wieder Gelegenheit, seine Werke anl\u00e4sslich internationaler Wettbewerbe oder Ausstellungen zu pr\u00e4sentieren und dabei viel Anerkennung zu erhalten. Hiervon zeugen auch die raffinierten polychromen Stoffe, aus denen diese Ausstellung besteht. Sie alle wurden von ihm pers\u00f6nlich handgefertigt und 2021 sowie 2023 in zwei gro\u00dfen Ausstellungen in zwei St\u00e4dten Chinas ausgestellt. Sie waren das Ergebnis einer langen Reise, die in den 1970er Jahren begann.<\/p>\n<p>Anl\u00e4sslich der Ausstellung wird ein Band mit Reproduktionen der ausgestellten Werke und einem Essay von Professor Claudio Guarda auf Italienisch und Englisch ver\u00f6ffentlicht.<\/p>\n<\/div>\n","protected":false},"excerpt":{"rendered":"<p>Natura\/Colore\/Forma 16. M\u00e4rz 2024 &#8211; 5. Januar 2025 Im Erdgeschoss und im letzten Stock empf\u00e4ngt die Stiftung Ghisla anl\u00e4sslich ihres zehnj\u00e4hrigen Bestehens ihre G\u00e4ste mit einem Farbenrausch. Es handelt sich &hellip;<a class=\"morelink\" href=\"https:\/\/www.ghisla-art.ch\/de\/renato-tagli\/\">continue reading<span> Renato Tagli<\/span><\/a><\/p>\n","protected":false},"author":2,"featured_media":0,"parent":0,"menu_order":0,"comment_status":"closed","ping_status":"closed","template":"","meta":{"footnotes":""},"_links":{"self":[{"href":"https:\/\/www.ghisla-art.ch\/de\/wp-json\/wp\/v2\/pages\/4392"}],"collection":[{"href":"https:\/\/www.ghisla-art.ch\/de\/wp-json\/wp\/v2\/pages"}],"about":[{"href":"https:\/\/www.ghisla-art.ch\/de\/wp-json\/wp\/v2\/types\/page"}],"author":[{"embeddable":true,"href":"https:\/\/www.ghisla-art.ch\/de\/wp-json\/wp\/v2\/users\/2"}],"replies":[{"embeddable":true,"href":"https:\/\/www.ghisla-art.ch\/de\/wp-json\/wp\/v2\/comments?post=4392"}],"version-history":[{"count":1,"href":"https:\/\/www.ghisla-art.ch\/de\/wp-json\/wp\/v2\/pages\/4392\/revisions"}],"predecessor-version":[{"id":4393,"href":"https:\/\/www.ghisla-art.ch\/de\/wp-json\/wp\/v2\/pages\/4392\/revisions\/4393"}],"wp:attachment":[{"href":"https:\/\/www.ghisla-art.ch\/de\/wp-json\/wp\/v2\/media?parent=4392"}],"curies":[{"name":"wp","href":"https:\/\/api.w.org\/{rel}","templated":true}]}}