{"id":4478,"date":"2024-09-03T11:25:30","date_gmt":"2024-09-03T09:25:30","guid":{"rendered":"https:\/\/www.ghisla-art.ch\/?page_id=4478"},"modified":"2024-09-03T11:25:30","modified_gmt":"2024-09-03T09:25:30","slug":"katja-snozzi","status":"publish","type":"page","link":"https:\/\/www.ghisla-art.ch\/de\/katja-snozzi\/","title":{"rendered":"Katja Snozzi"},"content":{"rendered":"<div class=\"artists\">\n<p><strong>in-Visibilia<\/strong><\/p>\n<p><strong>7. September 2024 \u2013 5. Januar 2025<\/strong><br \/>\nAusgestellt wird eine ganz besondere Reihe kleiner Fotografien, die Teile von viel gr\u00f6\u00dferen, oft anonymen Realit\u00e4ten einfangen, denen wir an den Orten unserer allt\u00e4glichen urbanen Wanderungen begegnen: Mauern, Marmor, alte metallene Plakatw\u00e4nde, sogar M\u00fclleimer.<\/p>\n<p>Es sind fast abstrakte Bilder, sehr poetisch und mit einer malerischen Konnotation, voller Charme und Geheimnis: Landschaften der Seele, die ein Lebensgef\u00fchl widerspiegeln, bewegt von etwas, das sich hinter dem unmittelbar Sichtbaren verbirgt. Die Ausstellung tr\u00e4gt den Titel in-Visibilia, ein Ausdruck, der mit seiner Doppeldeutigkeit spielt, indem er einerseits auf das verweist, was sich tats\u00e4chlich \u201eim Inneren der sichtbaren Dinge\u201c befindet, aber gleichzeitig bekr\u00e4ftigt, dass diese Dinge in der Regel f\u00fcr die meisten Menschen \u201eunsichtbar\u201c sind. Die Faszination der bescheidenen Poesie oder der Bilder, die sich in der Anonymit\u00e4t einer gro\u00dfen Mauer, zwischen den Falten eines Steins oder in einem Wasserbecken verbergen.<\/p>\n<p>So gemalt sie auch erscheinen, diese Fotografien sind nicht manipuliert. Es handelt sich um Bilder, die weder beschnitten noch k\u00fcnstlich eingef\u00e4rbt sind, wenn \u00fcberhaupt, dann nur in ihrer Tonalit\u00e4t  abgeschw\u00e4cht \u2013 so wie es f\u00fcr eine Fotografin, die immer Schwarzwei\u00df gegen\u00fcber Farbe bevorzugt hat, selbstverst\u00e4ndlich ist.<\/p>\n<p>Nebeneinander platziert und in Rahmen oder Ausschnitten komponiert, aber ohne hierarchische Ordnung und sogar unter Verzicht auf erz\u00e4hlerische Zwecke, schaffen die Bilder einen anregenden Dialog zwischen den Teilen, so dass sich am Ende alles zu einem gro\u00dfen Ganzen zu verdichten scheint, welches die Einzelteile zusammenfasst: ein Zeichen f\u00fcr eine Gesamtheit, die trotz der Einzigartigkeit jeder Aufnahme zwischen den Orten oder an den W\u00e4nden, die den Verlauf unserer Tage einschlie\u00dfen, entsteht.<\/p>\n<\/div>\n","protected":false},"excerpt":{"rendered":"<p>in-Visibilia 7. September 2024 \u2013 5. Januar 2025 Ausgestellt wird eine ganz besondere Reihe kleiner Fotografien, die Teile von viel gr\u00f6\u00dferen, oft anonymen Realit\u00e4ten einfangen, denen wir an den Orten &hellip;<a class=\"morelink\" href=\"https:\/\/www.ghisla-art.ch\/de\/katja-snozzi\/\">continue reading<span> Katja Snozzi<\/span><\/a><\/p>\n","protected":false},"author":1,"featured_media":0,"parent":0,"menu_order":0,"comment_status":"closed","ping_status":"closed","template":"","meta":{"footnotes":""},"_links":{"self":[{"href":"https:\/\/www.ghisla-art.ch\/de\/wp-json\/wp\/v2\/pages\/4478"}],"collection":[{"href":"https:\/\/www.ghisla-art.ch\/de\/wp-json\/wp\/v2\/pages"}],"about":[{"href":"https:\/\/www.ghisla-art.ch\/de\/wp-json\/wp\/v2\/types\/page"}],"author":[{"embeddable":true,"href":"https:\/\/www.ghisla-art.ch\/de\/wp-json\/wp\/v2\/users\/1"}],"replies":[{"embeddable":true,"href":"https:\/\/www.ghisla-art.ch\/de\/wp-json\/wp\/v2\/comments?post=4478"}],"version-history":[{"count":1,"href":"https:\/\/www.ghisla-art.ch\/de\/wp-json\/wp\/v2\/pages\/4478\/revisions"}],"predecessor-version":[{"id":4485,"href":"https:\/\/www.ghisla-art.ch\/de\/wp-json\/wp\/v2\/pages\/4478\/revisions\/4485"}],"wp:attachment":[{"href":"https:\/\/www.ghisla-art.ch\/de\/wp-json\/wp\/v2\/media?parent=4478"}],"curies":[{"name":"wp","href":"https:\/\/api.w.org\/{rel}","templated":true}]}}