{"id":4764,"date":"2026-03-11T11:35:49","date_gmt":"2026-03-11T10:35:49","guid":{"rendered":"https:\/\/www.ghisla-art.ch\/?page_id=4764"},"modified":"2026-03-11T11:51:29","modified_gmt":"2026-03-11T10:51:29","slug":"joris-van-de-moortel","status":"publish","type":"page","link":"https:\/\/www.ghisla-art.ch\/de\/joris-van-de-moortel\/","title":{"rendered":"Joris Van de Moortel"},"content":{"rendered":"<div class=\"artists\">\n<p><strong>La Tana del Matto<\/strong><\/p>\n<p><strong>21. M\u00e4rz 2026 \u2013 23. August 2026<\/strong><br \/>\nAls eine der radikalsten und unverwechselbarsten Stimmen der internationalen zeitgen\u00f6ssischen Kunstszene entwickelt Joris Van de Moortel eine multidisziplin\u00e4re Praxis, die Malerei, Skulptur, Installation, Klang, Performance und Schreiben miteinander verbindet. Seine Arbeit sch\u00f6pft aus der nordeurop\u00e4ischen Kunstgeschichte, dem Mystizismus, der Musik, dem Wahnsinn als Form der Erkenntnis sowie aus der ritualhaften Dimension des kreativen Aktes.<\/p>\n<p>Mit La Tana del Matto verwandeln sich die ersten beiden Stockwerke des Museums in eine totale und immersive Installation, konzipiert als ein mentales und symbolisches Universum: eine \u201eH\u00f6hle\u201c, verstanden als Zufluchtsort, Grotte, intimer Raum und zugleich Ort der Erkundung. Die Besucherinnen und Besucher sind eingeladen, sich zwischen vision\u00e4ren Bildern, Kl\u00e4ngen, mythologischen Bez\u00fcgen und historischen Schichtungen zu verlieren \u2013 in einem fortw\u00e4hrenden Dialog zwischen Sakralem und Profanem, Ordnung und Chaos, Vergangenheit und Gegenwart. Im Zentrum des Projekts erscheint die Figur des Narren \u2013 ein alter und ambivalenter Archetyp \u2013 nicht als blo\u00dfes Sinnbild des Wahnsinns, sondern als M\u00f6glichkeit von Freiheit, Umkehr und Transformation.<\/p>\n<p>Die Ausstellung pr\u00e4sentiert neue Werke, die eigens f\u00fcr Locarno geschaffen wurden, neben Gem\u00e4lden, Skulpturen, Lichtelementen, Videoarbeiten und Klanginterventionen. Daraus entsteht ein intensiver und nicht beruhigender Parcours, der Fragen zur menschlichen Existenz, zur Zeit, zur Spiritualit\u00e4t und zur Rolle der Kunst heute aufwirft.<\/p>\n<\/div>\n","protected":false},"excerpt":{"rendered":"<p>La Tana del Matto 21. M\u00e4rz 2026 \u2013 23. August 2026 Als eine der radikalsten und unverwechselbarsten Stimmen der internationalen zeitgen\u00f6ssischen Kunstszene entwickelt Joris Van de Moortel eine multidisziplin\u00e4re Praxis, &hellip;<a class=\"morelink\" href=\"https:\/\/www.ghisla-art.ch\/de\/joris-van-de-moortel\/\">continue reading<span> Joris Van de Moortel<\/span><\/a><\/p>\n","protected":false},"author":1,"featured_media":4759,"parent":0,"menu_order":0,"comment_status":"closed","ping_status":"closed","template":"","meta":{"footnotes":""},"_links":{"self":[{"href":"https:\/\/www.ghisla-art.ch\/de\/wp-json\/wp\/v2\/pages\/4764"}],"collection":[{"href":"https:\/\/www.ghisla-art.ch\/de\/wp-json\/wp\/v2\/pages"}],"about":[{"href":"https:\/\/www.ghisla-art.ch\/de\/wp-json\/wp\/v2\/types\/page"}],"author":[{"embeddable":true,"href":"https:\/\/www.ghisla-art.ch\/de\/wp-json\/wp\/v2\/users\/1"}],"replies":[{"embeddable":true,"href":"https:\/\/www.ghisla-art.ch\/de\/wp-json\/wp\/v2\/comments?post=4764"}],"version-history":[{"count":2,"href":"https:\/\/www.ghisla-art.ch\/de\/wp-json\/wp\/v2\/pages\/4764\/revisions"}],"predecessor-version":[{"id":4769,"href":"https:\/\/www.ghisla-art.ch\/de\/wp-json\/wp\/v2\/pages\/4764\/revisions\/4769"}],"wp:featuredmedia":[{"embeddable":true,"href":"https:\/\/www.ghisla-art.ch\/de\/wp-json\/wp\/v2\/media\/4759"}],"wp:attachment":[{"href":"https:\/\/www.ghisla-art.ch\/de\/wp-json\/wp\/v2\/media?parent=4764"}],"curies":[{"name":"wp","href":"https:\/\/api.w.org\/{rel}","templated":true}]}}